{"id":1486,"date":"2023-07-28T18:20:00","date_gmt":"2023-07-28T16:20:00","guid":{"rendered":"https:\/\/ludwingroup.com\/?page_id=1486"},"modified":"2023-11-14T11:07:40","modified_gmt":"2023-11-14T10:07:40","slug":"join-our-team","status":"publish","type":"page","link":"https:\/\/ludwingroup.com\/fr\/join-our-team\/","title":{"rendered":"Rejoignez notre \u00c9quipe"},"content":{"rendered":"<div data-elementor-type=\"wp-page\" data-elementor-id=\"1486\" class=\"elementor elementor-1486\">\n\t\t\t\t\t\t\t<div class=\"elementor-element elementor-element-ea8db9c e-flex e-con-boxed e-con e-parent\" data-id=\"ea8db9c\" data-element_type=\"container\" data-settings=\"{&quot;content_width&quot;:&quot;boxed&quot;}\" data-core-v316-plus=\"true\">\n\t\t\t\t\t<div class=\"e-con-inner\">\n\t\t\t\t<div class=\"elementor-element elementor-element-ecfeb21 elementor-widget elementor-widget-text-editor\" data-id=\"ecfeb21\" data-element_type=\"widget\" data-widget_type=\"text-editor.default\">\n\t\t\t\t<div class=\"elementor-widget-container\">\n\t\t\t<style>\/*! elementor - v3.17.0 - 08-11-2023 *\/\n.elementor-widget-text-editor.elementor-drop-cap-view-stacked .elementor-drop-cap{background-color:#69727d;color:#fff}.elementor-widget-text-editor.elementor-drop-cap-view-framed .elementor-drop-cap{color:#69727d;border:3px solid;background-color:transparent}.elementor-widget-text-editor:not(.elementor-drop-cap-view-default) .elementor-drop-cap{margin-top:8px}.elementor-widget-text-editor:not(.elementor-drop-cap-view-default) .elementor-drop-cap-letter{width:1em;height:1em}.elementor-widget-text-editor .elementor-drop-cap{float:left;text-align:center;line-height:1;font-size:50px}.elementor-widget-text-editor .elementor-drop-cap-letter{display:inline-block}<\/style>\t\t\t\t<p>LudWin est engag\u00e9 dans la promotion d\u2019une culture collaborative avec des incitations pour stimuler l'innovation et la croissance. Nous sommes toujours \u00e0 la recherche de nouveaux talents pour nous aider \u00e0 accomplir notre mission et \u00e0 cro\u00eetre.<\/p><p>Notre \u00e9quipe est compos\u00e9e de personnes diverses et passionn\u00e9es qui sont engag\u00e9es \u00e0 faire la diff\u00e9rence pour nous et nos clients. Nous appr\u00e9cions la cr\u00e9ativit\u00e9 et un \u00e9tat d'esprit entrepreneurial, et nous sommes d\u00e9termin\u00e9s \u00e0 fournir \u00e0 nos employ\u00e9s les ressources, le soutien et les opportunit\u00e9s dont ils ont besoin pour s'\u00e9panouir.<\/p><p>N'h\u00e9sitez pas \u00e0 nous contacter !<\/p>\t\t\t\t\t\t<\/div>\n\t\t\t\t<\/div>\n\t\t\t\t\t<\/div>\n\t\t\t\t<\/div>\n\t\t\t\t<section class=\"elementor-section elementor-top-section elementor-element elementor-element-5812517b elementor-section-boxed elementor-section-height-default elementor-section-height-default\" data-id=\"5812517b\" data-element_type=\"section\">\n\t\t\t\t\t\t<div class=\"elementor-container elementor-column-gap-default\">\n\t\t\t\t\t<div class=\"elementor-column elementor-col-100 elementor-top-column elementor-element elementor-element-52cdfdef\" data-id=\"52cdfdef\" data-element_type=\"column\">\n\t\t\t<div class=\"elementor-widget-wrap elementor-element-populated\">\n\t\t\t\t\t\t\t\t<div class=\"elementor-element elementor-element-2c5f301d elementor-widget elementor-widget-text-editor\" data-id=\"2c5f301d\" data-element_type=\"widget\" data-widget_type=\"text-editor.default\">\n\t\t\t\t<div class=\"elementor-widget-container\">\n\t\t\t\t\t\t\t<p>\t<div class=\"jobs-none-container\">\n\t\t<p>We currently have no job openings<\/p>\n\t<\/div>\n\t<\/p>\t\t\t\t\t\t<\/div>\n\t\t\t\t<\/div>\n\t\t\t\t\t<\/div>\n\t\t<\/div>\n\t\t\t\t\t\t\t<\/div>\n\t\t<\/section>\n\t\t<div class=\"elementor-element elementor-element-b31a8a6 e-flex e-con-boxed e-con e-parent\" data-id=\"b31a8a6\" data-element_type=\"container\" data-settings=\"{&quot;background_background&quot;:&quot;classic&quot;,&quot;content_width&quot;:&quot;boxed&quot;}\" data-core-v316-plus=\"true\">\n\t\t\t\t\t<div class=\"e-con-inner\">\n\t\t<div class=\"elementor-element elementor-element-674eb46 e-con-full e-flex e-con e-child\" data-id=\"674eb46\" data-element_type=\"container\" data-settings=\"{&quot;content_width&quot;:&quot;full&quot;}\">\n\t\t<div class=\"elementor-element elementor-element-5f641f5 e-con-full e-flex e-con e-child\" data-id=\"5f641f5\" data-element_type=\"container\" data-settings=\"{&quot;content_width&quot;:&quot;full&quot;}\">\n\t\t\t\t<div class=\"elementor-element elementor-element-c52c79e elementor-widget elementor-widget-heading\" data-id=\"c52c79e\" data-element_type=\"widget\" data-widget_type=\"heading.default\">\n\t\t\t\t<div class=\"elementor-widget-container\">\n\t\t\t<style>\/*! elementor - v3.17.0 - 08-11-2023 *\/\n.elementor-heading-title{padding:0;margin:0;line-height:1}.elementor-widget-heading .elementor-heading-title[class*=elementor-size-]>a{color:inherit;font-size:inherit;line-height:inherit}.elementor-widget-heading .elementor-heading-title.elementor-size-small{font-size:15px}.elementor-widget-heading .elementor-heading-title.elementor-size-medium{font-size:19px}.elementor-widget-heading .elementor-heading-title.elementor-size-large{font-size:29px}.elementor-widget-heading .elementor-heading-title.elementor-size-xl{font-size:39px}.elementor-widget-heading .elementor-heading-title.elementor-size-xxl{font-size:59px}<\/style><h2 class=\"elementor-heading-title elementor-size-default\">Aucune offre ne correspond \u00e0 votre recherche ?<\/h2>\t\t<\/div>\n\t\t\t\t<\/div>\n\t\t\t\t<div class=\"elementor-element elementor-element-2d19288 elementor-widget elementor-widget-text-editor\" data-id=\"2d19288\" data-element_type=\"widget\" data-widget_type=\"text-editor.default\">\n\t\t\t\t<div class=\"elementor-widget-container\">\n\t\t\t\t\t\t\t<p>Envoyez-nous votre candidature spontan\u00e9e.<\/p>\t\t\t\t\t\t<\/div>\n\t\t\t\t<\/div>\n\t\t\t\t<\/div>\n\t\t<div class=\"elementor-element elementor-element-68814e0 e-con-full e-flex e-con e-child\" data-id=\"68814e0\" data-element_type=\"container\" data-settings=\"{&quot;content_width&quot;:&quot;full&quot;}\">\n\t\t\t\t<div class=\"elementor-element elementor-element-d222c70 elementor-widget elementor-widget-shortcode\" data-id=\"d222c70\" data-element_type=\"widget\" data-widget_type=\"shortcode.default\">\n\t\t\t\t<div class=\"elementor-widget-container\">\n\t\t\t\t\t<div class=\"elementor-shortcode\">\n<div class=\"wpcf7 no-js\" id=\"wpcf7-f2045-o1\" lang=\"fr-FR\" dir=\"ltr\">\n<div class=\"screen-reader-response\"><p role=\"status\" aria-live=\"polite\" aria-atomic=\"true\"><\/p> <ul><\/ul><\/div>\n<form action=\"\/fr\/wp-json\/wp\/v2\/pages\/1486#wpcf7-f2045-o1\" method=\"post\" class=\"wpcf7-form init\" aria-label=\"Formulaire de contact\" enctype=\"multipart\/form-data\" novalidate=\"novalidate\" data-status=\"init\" data-trp-original-action=\"\/fr\/wp-json\/wp\/v2\/pages\/1486#wpcf7-f2045-o1\">\n<div style=\"display: none;\">\n<input type=\"hidden\" name=\"_wpcf7\" value=\"2045\" \/>\n<input type=\"hidden\" name=\"_wpcf7_version\" value=\"5.8.3\" \/>\n<input type=\"hidden\" name=\"_wpcf7_locale\" value=\"fr_FR\" \/>\n<input type=\"hidden\" name=\"_wpcf7_unit_tag\" value=\"wpcf7-f2045-o1\" \/>\n<input type=\"hidden\" name=\"_wpcf7_container_post\" value=\"0\" \/>\n<input type=\"hidden\" name=\"_wpcf7_posted_data_hash\" value=\"\" \/>\n<\/div>\n<p><label> Votre nom<br \/>\n<span class=\"wpcf7-form-control-wrap\" data-name=\"your-name\"><input size=\"40\" class=\"wpcf7-form-control wpcf7-text wpcf7-validates-as-required\" autocomplete=\"name\" aria-required=\"true\" aria-invalid=\"false\" value=\"\" type=\"text\" name=\"your-name\" \/><\/span> <\/label>\n<\/p>\n<p><label> Votre e-mail<br \/>\n<span class=\"wpcf7-form-control-wrap\" data-name=\"your-email\"><input size=\"40\" class=\"wpcf7-form-control wpcf7-email wpcf7-validates-as-required wpcf7-text wpcf7-validates-as-email\" autocomplete=\"email\" aria-required=\"true\" aria-invalid=\"false\" value=\"\" type=\"email\" name=\"your-email\" \/><\/span> <\/label>\n<\/p>\n<p><label> Votre message<br \/>\n<span class=\"wpcf7-form-control-wrap\" data-name=\"your-message\"><textarea cols=\"40\" rows=\"10\" class=\"wpcf7-form-control wpcf7-textarea\" aria-invalid=\"false\" name=\"your-message\"><\/textarea><\/span> <\/label>\n<\/p>\n<p><label> Votre CV<br \/>\n<span class=\"wpcf7-form-control-wrap\" data-name=\"your-file\"><input size=\"40\" class=\"wpcf7-form-control wpcf7-file\" accept=\"audio\/*,video\/*,image\/*\" aria-invalid=\"false\" type=\"file\" name=\"your-file\" \/><\/span> <\/label>\n<\/p>\n<p><label> <span class=\"wpcf7-form-control-wrap\" data-name=\"acceptance-251\"><span class=\"wpcf7-form-control wpcf7-acceptance\"><span class=\"wpcf7-list-item\"><input type=\"checkbox\" name=\"acceptance-251\" value=\"1\" aria-invalid=\"false\" \/><\/span><\/span><\/span> En utilisant ce formulaire, vous acceptez le stockage et le traitement de vos donn\u00e9es par ce site web*<br \/>\n<\/label>\n<\/p>\n<p><input class=\"wpcf7-form-control wpcf7-submit has-spinner\" type=\"submit\" value=\"Envoyer\" \/>\n<\/p><div class=\"wpcf7-response-output\" aria-hidden=\"true\"><\/div>\n<input type=\"hidden\" name=\"trp-form-language\" value=\"fr\"\/><\/form>\n<\/div>\n<\/div>\n\t\t\t\t<\/div>\n\t\t\t\t<\/div>\n\t\t\t\t<\/div>\n\t\t\t\t<\/div>\n\t\t\t\t\t<\/div>\n\t\t\t\t<\/div>\n\t\t<div class=\"elementor-element elementor-element-b6e3f9b e-flex e-con-boxed e-con e-parent\" data-id=\"b6e3f9b\" data-element_type=\"container\" data-settings=\"{&quot;background_background&quot;:&quot;classic&quot;,&quot;content_width&quot;:&quot;boxed&quot;}\" data-core-v316-plus=\"true\">\n\t\t\t\t\t<div class=\"e-con-inner\">\n\t\t\t\t<div class=\"elementor-element elementor-element-5974f7c elementor-widget elementor-widget-heading\" data-id=\"5974f7c\" data-element_type=\"widget\" data-widget_type=\"heading.default\">\n\t\t\t\t<div class=\"elementor-widget-container\">\n\t\t\t<h2 class=\"elementor-heading-title elementor-size-default\">Notre actualit\u00e9<\/h2>\t\t<\/div>\n\t\t\t\t<\/div>\n\t\t\t\t<div class=\"elementor-element elementor-element-abb00a4 elementor-widget elementor-widget-text-editor\" data-id=\"abb00a4\" data-element_type=\"widget\" data-widget_type=\"text-editor.default\">\n\t\t\t\t<div class=\"elementor-widget-container\">\n\t\t\t\t\t\t\t<p>Suivez nos actualit\u00e9s et \u00e9v\u00e8nements<\/p>\t\t\t\t\t\t<\/div>\n\t\t\t\t<\/div>\n\t\t\t\t<div class=\"elementor-element elementor-element-b1da593 elementor-widget elementor-widget-shortcode\" data-id=\"b1da593\" data-element_type=\"widget\" data-widget_type=\"shortcode.default\">\n\t\t\t\t<div class=\"elementor-widget-container\">\n\t\t\t\t\t<div class=\"elementor-shortcode\"><div class=\"ct-posts-shortcode\" data-prefix=\"blog\"><div class=\"entries\" data-archive=\"default\" data-layout=\"grid\" data-cards=\"boxed\"  data-hover=\"zoom-in\" ><article id=\"post-2691\" class=\"entry-card post-2691 post type-post status-publish format-standard has-post-thumbnail hentry category-news\" ><a class=\"ct-image-container boundless-image\" href=\"https:\/\/ludwingroup.com\/fr\/2025\/01\/10\/statement\/\" aria-label=\"Communiqu\u00e9\" tabindex=\"-1\"><img loading=\"lazy\" decoding=\"async\" width=\"1024\" height=\"768\" src=\"https:\/\/ludwingroup.com\/wp-content\/uploads\/2023\/12\/LudWin-logo-rvb-web.svg\" class=\"attachment-medium_large size-medium_large wp-post-image\" alt=\"\" itemprop=\"image\" style=\"aspect-ratio: 4\/3;\" \/><\/a><ul class=\"entry-meta\" data-type=\"simple:slash\"  ><li class=\"meta-categories\" data-type=\"pill\"><a href=\"https:\/\/ludwingroup.com\/fr\/category\/news\/\" rel=\"tag\" class=\"ct-term-16\" >Actualit\u00e9s<\/a><\/li><\/ul>\n\t<h1 class=\"entry-title\">\n\t\t<a href=\"https:\/\/ludwingroup.com\/fr\/2025\/01\/10\/statement\/\" rel=\"bookmark\">\n\t\t\tCommuniqu\u00e9\t\t<\/a>\n\t<\/h1>\n\n\t<div class=\"entry-excerpt\" ><p>The Board of Directors of LudWin Group S.A. (LudWin), Management and Team membersregret to announce the demise of its\u2026<\/p>\n<\/div><\/article><article id=\"post-2661\" class=\"entry-card post-2661 post type-post status-publish format-standard has-post-thumbnail hentry category-product\" ><a class=\"ct-image-container boundless-image\" href=\"https:\/\/ludwingroup.com\/fr\/2024\/10\/29\/lottotech-and-ludwin-partner-to-launch-hotpicks-in-mauritius\/\" aria-label=\"Lottotech and LudWin partner to launch Hotpicks in Mauritius\" tabindex=\"-1\"><img loading=\"lazy\" decoding=\"async\" width=\"768\" height=\"432\" src=\"https:\/\/ludwingroup.com\/wp-content\/uploads\/2024\/10\/lollotech11-768x432.png\" class=\"attachment-medium_large size-medium_large wp-post-image\" alt=\"\" srcset=\"https:\/\/ludwingroup.com\/wp-content\/uploads\/2024\/10\/lollotech11-768x432.png 768w, https:\/\/ludwingroup.com\/wp-content\/uploads\/2024\/10\/lollotech11-300x169.png 300w, https:\/\/ludwingroup.com\/wp-content\/uploads\/2024\/10\/lollotech11-1024x576.png 1024w, https:\/\/ludwingroup.com\/wp-content\/uploads\/2024\/10\/lollotech11-1536x864.png 1536w, https:\/\/ludwingroup.com\/wp-content\/uploads\/2024\/10\/lollotech11-18x10.png 18w, https:\/\/ludwingroup.com\/wp-content\/uploads\/2024\/10\/lollotech11.png 1600w\" sizes=\"(max-width: 768px) 100vw, 768px\" itemprop=\"image\" style=\"aspect-ratio: 4\/3;\" \/><\/a><ul class=\"entry-meta\" data-type=\"simple:slash\"  ><li class=\"meta-categories\" data-type=\"pill\"><a href=\"https:\/\/ludwingroup.com\/fr\/category\/product\/\" rel=\"tag\" class=\"ct-term-1\" >Produit<\/a><\/li><\/ul>\n\t<h1 class=\"entry-title\">\n\t\t<a href=\"https:\/\/ludwingroup.com\/fr\/2024\/10\/29\/lottotech-and-ludwin-partner-to-launch-hotpicks-in-mauritius\/\" rel=\"bookmark\">\n\t\t\tLottotech and LudWin partner to launch Hotpicks in Mauritius\t\t<\/a>\n\t<\/h1>\n\n\t<div class=\"entry-excerpt\" ><p>LudWin and Lottotech are proud to announce the launch of Hotpicks, an innovative game that has enriched the gaming\u2026<\/p>\n<\/div><\/article><article id=\"post-2031\" class=\"entry-card post-2031 post type-post status-publish format-standard has-post-thumbnail hentry category-product\" ><a class=\"ct-image-container boundless-image\" href=\"https:\/\/ludwingroup.com\/fr\/2023\/10\/01\/ludwin-launches-instant-tickets-in-cameroon\/\" aria-label=\"LudWin lance une gamme de Jeux \u00e0 Gratter au Cameroun\" tabindex=\"-1\"><img loading=\"lazy\" decoding=\"async\" width=\"768\" height=\"432\" src=\"https:\/\/ludwingroup.com\/wp-content\/uploads\/2023\/10\/chocho-1-768x432.png\" class=\"attachment-medium_large size-medium_large wp-post-image\" alt=\"\" srcset=\"https:\/\/ludwingroup.com\/wp-content\/uploads\/2023\/10\/chocho-1-768x432.png 768w, https:\/\/ludwingroup.com\/wp-content\/uploads\/2023\/10\/chocho-1-300x169.png 300w, https:\/\/ludwingroup.com\/wp-content\/uploads\/2023\/10\/chocho-1-1024x576.png 1024w, https:\/\/ludwingroup.com\/wp-content\/uploads\/2023\/10\/chocho-1-1536x864.png 1536w, https:\/\/ludwingroup.com\/wp-content\/uploads\/2023\/10\/chocho-1-18x10.png 18w, https:\/\/ludwingroup.com\/wp-content\/uploads\/2023\/10\/chocho-1.png 1600w\" sizes=\"(max-width: 768px) 100vw, 768px\" itemprop=\"image\" style=\"aspect-ratio: 4\/3;\" \/><\/a><ul class=\"entry-meta\" data-type=\"simple:slash\"  ><li class=\"meta-categories\" data-type=\"pill\"><a href=\"https:\/\/ludwingroup.com\/fr\/category\/product\/\" rel=\"tag\" class=\"ct-term-1\" >Produit<\/a><\/li><\/ul>\n\t<h1 class=\"entry-title\">\n\t\t<a href=\"https:\/\/ludwingroup.com\/fr\/2023\/10\/01\/ludwin-launches-instant-tickets-in-cameroon\/\" rel=\"bookmark\">\n\t\t\tLudWin lance une gamme de Jeux \u00e0 Gratter au Cameroun\t\t<\/a>\n\t<\/h1>\n\n\t<div class=\"entry-excerpt\" ><p>LudWin a le plaisir d\u2019annoncer l\u2019introduction de ses premiers jeux instantan\u00e9s (tickets \u00e0 gratter) sous la marque ombrelle ChoCho au Cameroun.<\/p>\n<\/div><\/article><\/div><\/div><\/div>\n\t\t\t\t<\/div>\n\t\t\t\t<\/div>\n\t\t\t\t\t<\/div>\n\t\t\t\t<\/div>\n\t\t\t\t\t\t\t<\/div>","protected":false},"excerpt":{"rendered":"<p>Connectons-nous et grandissons ensemble<\/p>","protected":false},"author":1,"featured_media":0,"parent":0,"menu_order":0,"comment_status":"closed","ping_status":"closed","template":"","meta":{"footnotes":""},"blocksy_meta":"","_links":{"self":[{"href":"https:\/\/ludwingroup.com\/fr\/wp-json\/wp\/v2\/pages\/1486"}],"collection":[{"href":"https:\/\/ludwingroup.com\/fr\/wp-json\/wp\/v2\/pages"}],"about":[{"href":"https:\/\/ludwingroup.com\/fr\/wp-json\/wp\/v2\/types\/page"}],"author":[{"embeddable":true,"href":"https:\/\/ludwingroup.com\/fr\/wp-json\/wp\/v2\/users\/1"}],"replies":[{"embeddable":true,"href":"https:\/\/ludwingroup.com\/fr\/wp-json\/wp\/v2\/comments?post=1486"}],"version-history":[{"count":75,"href":"https:\/\/ludwingroup.com\/fr\/wp-json\/wp\/v2\/pages\/1486\/revisions"}],"predecessor-version":[{"id":2405,"href":"https:\/\/ludwingroup.com\/fr\/wp-json\/wp\/v2\/pages\/1486\/revisions\/2405"}],"wp:attachment":[{"href":"https:\/\/ludwingroup.com\/fr\/wp-json\/wp\/v2\/media?parent=1486"}],"curies":[{"name":"wp","href":"https:\/\/api.w.org\/{rel}","templated":true}]}}